{"id":12,"date":"2023-01-24T18:24:53","date_gmt":"2023-01-24T17:24:53","guid":{"rendered":"https:\/\/amisdenewmarket.fr\/?page_id=12"},"modified":"2023-07-17T22:30:11","modified_gmt":"2023-07-17T20:30:11","slug":"contact","status":"publish","type":"page","link":"https:\/\/amisdenewmarket.fr\/en\/contact\/","title":{"rendered":"ADH\u00c9SION & CONTACT"},"content":{"rendered":"<p>Le contenu de cette page est g\u00e9n\u00e9r\u00e9e par du code dans le fichier page-contact.php<\/p>\n","protected":false},"excerpt":{"rendered":"<p>Le contenu de cette page est g\u00e9n\u00e9r\u00e9e par du code dans le fichier page-contact.php<\/p>\n","protected":false},"author":1,"featured_media":0,"parent":0,"menu_order":0,"comment_status":"closed","ping_status":"closed","template":"","meta":{"pgc_sgb_lightbox_settings":"","footnotes":""},"class_list":["post-12","page","type-page","status-publish","hentry"],"_links":{"self":[{"href":"https:\/\/amisdenewmarket.fr\/en\/wp-json\/wp\/v2\/pages\/12","targetHints":{"allow":["GET"]}}],"collection":[{"href":"https:\/\/amisdenewmarket.fr\/en\/wp-json\/wp\/v2\/pages"}],"about":[{"href":"https:\/\/amisdenewmarket.fr\/en\/wp-json\/wp\/v2\/types\/page"}],"author":[{"embeddable":true,"href":"https:\/\/amisdenewmarket.fr\/en\/wp-json\/wp\/v2\/users\/1"}],"replies":[{"embeddable":true,"href":"https:\/\/amisdenewmarket.fr\/en\/wp-json\/wp\/v2\/comments?post=12"}],"version-history":[{"count":4,"href":"https:\/\/amisdenewmarket.fr\/en\/wp-json\/wp\/v2\/pages\/12\/revisions"}],"predecessor-version":[{"id":736,"href":"https:\/\/amisdenewmarket.fr\/en\/wp-json\/wp\/v2\/pages\/12\/revisions\/736"}],"wp:attachment":[{"href":"https:\/\/amisdenewmarket.fr\/en\/wp-json\/wp\/v2\/media?parent=12"}],"curies":[{"name":"wp","href":"https:\/\/api.w.org\/{rel}","templated":true}]}}