{"id":2,"date":"2023-01-24T17:51:10","date_gmt":"2023-01-24T16:51:10","guid":{"rendered":"https:\/\/amisdenewmarket.fr\/?page_id=2"},"modified":"2023-02-05T21:02:31","modified_gmt":"2023-02-05T20:02:31","slug":"accueil","status":"publish","type":"page","link":"https:\/\/amisdenewmarket.fr\/en\/","title":{"rendered":"HOME"},"content":{"rendered":"<p>Le contenu de cette page est g\u00e9n\u00e9r\u00e9e par du code dans le fichier page-accueil.php<\/p>\n","protected":false},"excerpt":{"rendered":"<p>Le contenu de cette page est g\u00e9n\u00e9r\u00e9e par du code dans le fichier page-accueil.php<\/p>\n","protected":false},"author":1,"featured_media":0,"parent":0,"menu_order":0,"comment_status":"closed","ping_status":"closed","template":"","meta":{"pgc_sgb_lightbox_settings":"","footnotes":""},"class_list":["post-2","page","type-page","status-publish","hentry"],"_links":{"self":[{"href":"https:\/\/amisdenewmarket.fr\/en\/wp-json\/wp\/v2\/pages\/2","targetHints":{"allow":["GET"]}}],"collection":[{"href":"https:\/\/amisdenewmarket.fr\/en\/wp-json\/wp\/v2\/pages"}],"about":[{"href":"https:\/\/amisdenewmarket.fr\/en\/wp-json\/wp\/v2\/types\/page"}],"author":[{"embeddable":true,"href":"https:\/\/amisdenewmarket.fr\/en\/wp-json\/wp\/v2\/users\/1"}],"replies":[{"embeddable":true,"href":"https:\/\/amisdenewmarket.fr\/en\/wp-json\/wp\/v2\/comments?post=2"}],"version-history":[{"count":5,"href":"https:\/\/amisdenewmarket.fr\/en\/wp-json\/wp\/v2\/pages\/2\/revisions"}],"predecessor-version":[{"id":223,"href":"https:\/\/amisdenewmarket.fr\/en\/wp-json\/wp\/v2\/pages\/2\/revisions\/223"}],"wp:attachment":[{"href":"https:\/\/amisdenewmarket.fr\/en\/wp-json\/wp\/v2\/media?parent=2"}],"curies":[{"name":"wp","href":"https:\/\/api.w.org\/{rel}","templated":true}]}}