{"id":3,"date":"2023-01-24T17:51:10","date_gmt":"2023-01-24T16:51:10","guid":{"rendered":"https:\/\/amisdenewmarket.fr\/?page_id=3"},"modified":"2023-02-16T14:01:33","modified_gmt":"2023-02-16T13:01:33","slug":"mentions-legales","status":"publish","type":"page","link":"https:\/\/amisdenewmarket.fr\/en\/legal-notice\/","title":{"rendered":"Legal notice, cookies, personal data"},"content":{"rendered":"\r\n<h2 class=\"has-large-font-size wp-block-heading\">Who are we?<\/h2>\r\n\r\n\r\n\r\n<p class=\"has-medium-font-size\">Les Amis de Newmarket is a non-profit association which promotes twinning between the towns of Maisons-Laffitte &amp; Le Mesnil-le-Roi in France and the town of Newmarket in the United Kingdom.<\/p>\r\n\r\n\r\n\r\n<p class=\"has-medium-font-size\">The official website address of the association is: http:\/\/www.amisdenewmarket.fr.<\/p>\r\n\r\n\r\n\r\n<p class=\"has-medium-font-size\">Pr\u00e9sident : Jacqueline Pintenet<br \/>Treasurer : Janick Ardisson<\/p>\r\n\r\n\r\n\r\n<p class=\"has-large-font-size\"><strong>Legal notice :<\/strong><\/p>\r\n\r\n\r\n\r\n<p class=\"has-medium-font-size\">ASSOCIATION OF &#8220;LES AMIS DE NEWMARKET&#8221; FROM MAISONS LAFFITTE AND LE MESNIL-LE-ROI<br \/>48 avenue de Longueil, Maisons-Laffitte ( H\u00f4tel de Ville).<br \/>Siret : 81473691400023<br \/>Founded on 11 June 1956.<\/p>\r\n\r\n\r\n\r\n<p class=\"has-large-font-size\">Editorial<\/p>\r\n\r\n\r\n\r\n<p class=\"has-medium-font-size\">Editing by :<\/p>\r\n\r\n\r\n\r\n<ul class=\"wp-block-list\">\r\n<li>Jacqueline Pintenet<\/li>\r\n\r\n\r\n\r\n<li>Janick Ardisson<\/li>\r\n\r\n\r\n\r\n<li>Fran\u00e7ois Perrin<\/li>\r\n<\/ul>\r\n\r\n\r\n\r\n<h2 class=\"has-large-font-size wp-block-heading\">Media<\/h2>\r\n\r\n\r\n\r\n<p class=\"has-medium-font-size\"><strong>The videos presented<\/strong> on this site are the property of the respective Twinning Towns (Maisons-laffitte, Le Mesnil-le-Roi and Newmarket).<\/p>\r\n\r\n\r\n\r\n<p class=\"has-medium-font-size\"><strong>Videos hosted on Youtube<\/strong> require you to accept tracking cookies from this platform. Les Amis de Newmarket is not responsible for this! Tracking is only effective if you have an active google account on the browser you are using.<\/p>\r\n\r\n\r\n\r\n<p class=\"has-medium-font-size\"><strong>The photos are the property of :<br \/><\/strong><\/p>\r\n\r\n\r\n\r\n<ul class=\"wp-block-list\">\r\n<li>The association of &#8220;les Amis de Newmarket&#8221;<\/li>\r\n\r\n\r\n\r\n<li>The photographer Rapha\u00ebl K\u00dcHN &#8211; Agence DIVISYGN &amp; Soci\u00e9t\u00e9 ActivUs<\/li>\r\n\r\n\r\n\r\n<li>The web platform <a href=\"https:\/\/www.freepik.com\/\">Freepik<\/a><\/li>\r\n<\/ul>\r\n\r\n\r\n\r\n<p class=\"has-medium-font-size\"><strong>Links to city magazines<\/strong> (Maisons-laffitte, Le Mesnil-le-Roi and Newmarket) link to the websites of the municipalities and the <a href=\"https:\/\/www.flyeronline.co.uk\/\">Flyer Online<\/a> for Newmarket.<\/p>\r\n\r\n\r\n\r\n<p class=\"has-large-font-size\"><strong>Coat of arms &amp; Logos<\/strong><\/p>\r\n\r\n\r\n\r\n<p class=\"has-medium-font-size\">The municipal coats of arms and logos of Maisons-Laffitte, Le Mesnil-le-Roi and Newmarket, as well as the tourist office of Maisons-Laffitte and Discover Newmarket are their property. <br \/>The association &#8220;Les Amis de Newmarket&#8221; is authorised to integrate these coats of arms and logos. <br \/>Any use without the express agreement of the town councils or the company concerned is illegal.<\/p>\r\n\r\n\r\n\r\n<h2 class=\"has-large-font-size wp-block-heading\">Cookies<\/h2>\r\n\r\n\r\n\r\n<p class=\"has-medium-font-size\">Cookies* for the operation of the website are collected anonymously.<\/p>\r\n\r\n\r\n\r\n<p class=\"has-medium-font-size\">*Cookies are text files, stored in your browser and collected anonymously, containing a parameter or information that helps the website administrator to know the interest of visitors on the content of the pages and articles, in order to improve their visibility and relevance.<\/p>\r\n\r\n\r\n\r\n<h2 class=\"has-large-font-size wp-block-heading\">Your personal data<\/h2>\r\n\r\n\r\n\r\n<p class=\"has-medium-font-size\">No personal data is collected or passed on to other associations or companies.<\/p>\r\n\r\n\r\n\r\n<p class=\"has-medium-font-size\">The Friends of Newmarket website uses the <a href=\"https:\/\/fr.matomo.org\/\">Matomo<\/a> tool for referencing and retrieving cookies. This tool is exempt <a href=\"https:\/\/www.cnil.fr\/sites\/default\/files\/atoms\/files\/matomo_analytics_-_exemption_-_guide_de_configuration.pdf\">from audience measurement<\/a>&nbsp;(Source CNIL).<\/p>\r\n\r\n\r\n\r\n<p class=\"has-large-font-size\"><strong>Development<\/strong><\/p>\r\n\r\n\r\n\r\n<p class=\"has-medium-font-size\">This website was created by the agency DIVISYGN &amp; Soci\u00e9t\u00e9 ActivUs<br \/>Domiciled at : \u00e0 Maisons-laffitte<br \/>Director: Rapha\u00ebl K\u00dcHN<\/p>\r\n\r\n\r\n\r\n<p class=\"has-large-font-size\"><strong>Hostig<\/strong><\/p>\r\n\r\n\r\n\r\n<p class=\"has-medium-font-size\">This site is hosted by :<br \/><strong>IONOS SARL<\/strong><br \/>7, place de la Gare<br \/>BP 70109<br \/>57200 Sarreguemines Cedex&nbsp;France<\/p>\r\n","protected":false},"excerpt":{"rendered":"<p>Who are we? Les Amis de Newmarket is a non-profit association which promotes twinning between the towns of Maisons-Laffitte &amp; Le Mesnil-le-Roi in France and the town of Newmarket in the United Kingdom. The official website address of the association is: http:\/\/www.amisdenewmarket.fr. Pr\u00e9sident : Jacqueline PintenetTreasurer : Janick Ardisson Legal notice : ASSOCIATION OF &#8220;LES [&hellip;]<\/p>\n","protected":false},"author":1,"featured_media":0,"parent":0,"menu_order":0,"comment_status":"closed","ping_status":"closed","template":"","meta":{"pgc_sgb_lightbox_settings":"","footnotes":""},"class_list":["post-3","page","type-page","status-publish","hentry"],"_links":{"self":[{"href":"https:\/\/amisdenewmarket.fr\/en\/wp-json\/wp\/v2\/pages\/3","targetHints":{"allow":["GET"]}}],"collection":[{"href":"https:\/\/amisdenewmarket.fr\/en\/wp-json\/wp\/v2\/pages"}],"about":[{"href":"https:\/\/amisdenewmarket.fr\/en\/wp-json\/wp\/v2\/types\/page"}],"author":[{"embeddable":true,"href":"https:\/\/amisdenewmarket.fr\/en\/wp-json\/wp\/v2\/users\/1"}],"replies":[{"embeddable":true,"href":"https:\/\/amisdenewmarket.fr\/en\/wp-json\/wp\/v2\/comments?post=3"}],"version-history":[{"count":10,"href":"https:\/\/amisdenewmarket.fr\/en\/wp-json\/wp\/v2\/pages\/3\/revisions"}],"predecessor-version":[{"id":595,"href":"https:\/\/amisdenewmarket.fr\/en\/wp-json\/wp\/v2\/pages\/3\/revisions\/595"}],"wp:attachment":[{"href":"https:\/\/amisdenewmarket.fr\/en\/wp-json\/wp\/v2\/media?parent=3"}],"curies":[{"name":"wp","href":"https:\/\/api.w.org\/{rel}","templated":true}]}}