{"id":15,"date":"2023-01-24T18:26:19","date_gmt":"2023-01-24T17:26:19","guid":{"rendered":"https:\/\/amisdenewmarket.fr\/?page_id=15"},"modified":"2023-02-05T21:02:15","modified_gmt":"2023-02-05T20:02:15","slug":"le-jumelage","status":"publish","type":"page","link":"https:\/\/amisdenewmarket.fr\/fr\/le-jumelage\/","title":{"rendered":"LE JUMELAGE"},"content":{"rendered":"<p>Le contenu de cette page est g\u00e9n\u00e9r\u00e9e par du code dans le fichier page-le-jumelage.php<\/p>\n","protected":false},"excerpt":{"rendered":"<p>Le contenu de cette page est g\u00e9n\u00e9r\u00e9e par du code dans le fichier page-le-jumelage.php<\/p>\n","protected":false},"author":1,"featured_media":0,"parent":0,"menu_order":0,"comment_status":"closed","ping_status":"closed","template":"","meta":{"pgc_sgb_lightbox_settings":"","footnotes":""},"class_list":["post-15","page","type-page","status-publish","hentry"],"_links":{"self":[{"href":"https:\/\/amisdenewmarket.fr\/fr\/wp-json\/wp\/v2\/pages\/15","targetHints":{"allow":["GET"]}}],"collection":[{"href":"https:\/\/amisdenewmarket.fr\/fr\/wp-json\/wp\/v2\/pages"}],"about":[{"href":"https:\/\/amisdenewmarket.fr\/fr\/wp-json\/wp\/v2\/types\/page"}],"author":[{"embeddable":true,"href":"https:\/\/amisdenewmarket.fr\/fr\/wp-json\/wp\/v2\/users\/1"}],"replies":[{"embeddable":true,"href":"https:\/\/amisdenewmarket.fr\/fr\/wp-json\/wp\/v2\/comments?post=15"}],"version-history":[{"count":2,"href":"https:\/\/amisdenewmarket.fr\/fr\/wp-json\/wp\/v2\/pages\/15\/revisions"}],"predecessor-version":[{"id":222,"href":"https:\/\/amisdenewmarket.fr\/fr\/wp-json\/wp\/v2\/pages\/15\/revisions\/222"}],"wp:attachment":[{"href":"https:\/\/amisdenewmarket.fr\/fr\/wp-json\/wp\/v2\/media?parent=15"}],"curies":[{"name":"wp","href":"https:\/\/api.w.org\/{rel}","templated":true}]}}